{"id":922,"date":"2019-10-22T22:32:48","date_gmt":"2019-10-23T02:32:48","guid":{"rendered":"https:\/\/www.regalosts.cl\/product\/set-3-destacadores-copy\/"},"modified":"2025-06-12T17:24:48","modified_gmt":"2025-06-12T21:24:48","slug":"set-3-destacadores-copy","status":"publish","type":"product","link":"https:\/\/regalosts.cl\/regalos-corporativos\/product\/set-3-destacadores-copy\/","title":{"rendered":"SKU 30-98-16 Portaminas met\u00e1lico"},"content":{"rendered":"<p><strong>Portaminas met\u00e1lico<\/strong><br \/>\nAplicaci\u00f3n engomada de color.<br \/>\nMedida: 14 x 1.5 cm.<br \/>\n<strong>Ancho considera grip.<\/strong><br \/>\n<strong>Peso aprox. 17 gr.<\/strong><\/p>\n<hr \/>\n<p><strong>M\u00e9todos de impresi\u00f3n sugeridos<\/strong><br \/>\nGrabado<br \/>\nSerigraf\u00eda<\/p>\n","protected":false},"excerpt":{"rendered":"<p>Portaminas met\u00e1lico Aplicaci\u00f3n engomada de color. Medida: 14 x 1.5 cm. Ancho considera grip. Peso aprox. 17 gr. M\u00e9todos de impresi\u00f3n sugeridos Grabado Serigraf\u00eda<\/p>\n","protected":false},"featured_media":924,"template":"","meta":{"site-sidebar-layout":"default","site-content-layout":"default","ast-main-header-display":"","ast-hfb-above-header-display":"","ast-hfb-below-header-display":"","ast-hfb-mobile-header-display":"","site-post-title":"","ast-breadcrumbs-content":"","ast-featured-img":"","footer-sml-layout":"","theme-transparent-header-meta":"","adv-header-id-meta":"","stick-header-meta":"","header-above-stick-meta":"","header-main-stick-meta":"","header-below-stick-meta":""},"product_cat":[39,106,111,112,40],"product_tag":[],"_links":{"self":[{"href":"https:\/\/regalosts.cl\/regalos-corporativos\/wp-json\/wp\/v2\/product\/922"}],"collection":[{"href":"https:\/\/regalosts.cl\/regalos-corporativos\/wp-json\/wp\/v2\/product"}],"about":[{"href":"https:\/\/regalosts.cl\/regalos-corporativos\/wp-json\/wp\/v2\/types\/product"}],"wp:featuredmedia":[{"embeddable":true,"href":"https:\/\/regalosts.cl\/regalos-corporativos\/wp-json\/wp\/v2\/media\/924"}],"wp:attachment":[{"href":"https:\/\/regalosts.cl\/regalos-corporativos\/wp-json\/wp\/v2\/media?parent=922"}],"wp:term":[{"taxonomy":"product_cat","embeddable":true,"href":"https:\/\/regalosts.cl\/regalos-corporativos\/wp-json\/wp\/v2\/product_cat?post=922"},{"taxonomy":"product_tag","embeddable":true,"href":"https:\/\/regalosts.cl\/regalos-corporativos\/wp-json\/wp\/v2\/product_tag?post=922"}],"curies":[{"name":"wp","href":"https:\/\/api.w.org\/{rel}","templated":true}]}}