{"id":611,"date":"2019-10-10T01:28:21","date_gmt":"2019-10-10T05:28:21","guid":{"rendered":"https:\/\/www.regalosts.cl\/product\/mochila-notebook-copy-copy\/"},"modified":"2025-06-13T15:18:04","modified_gmt":"2025-06-13T19:18:04","slug":"mochila-paseo","status":"publish","type":"product","link":"https:\/\/regalosts.cl\/regalos-corporativos\/product\/mochila-paseo\/","title":{"rendered":"SKU 600-84-15 Mochila paseo"},"content":{"rendered":"<p>Mochila un compartimiento, confeccionada en tela raquelada 600D, <strong>100% impermeable.<\/strong><br \/>\nCapacidad: 19 Lt.<br \/>\n<strong>Aplicaci\u00f3n frontal de tela diamantada y vivos reflectantes para seguridad<\/strong><br \/>\nUn bolsillo lateral confeccionado en tela malla con el\u00e1stico.<br \/>\n<strong>Tirantes de tela, ancho 8 cm.,<\/strong> con cinta de polipropileno ancho 2.5 cm.<br \/>\nPasador pl\u00e1stico para ajuste en el largo.<br \/>\n<strong>Peso mochila: 292 gr.<\/strong><br \/>\nPeso considera packing.<\/p>\n","protected":false},"excerpt":{"rendered":"<p>Mochila un compartimiento, confeccionada en tela raquelada 600D, 100% impermeable. Capacidad: 19 Lt. Aplicaci\u00f3n frontal de tela diamantada y vivos reflectantes para seguridad Un bolsillo lateral confeccionado en tela malla con el\u00e1stico. Tirantes de tela, ancho 8 cm., con cinta de polipropileno ancho 2.5 cm. Pasador pl\u00e1stico para ajuste en el largo. Peso mochila: 292 &hellip;<\/p>\n<p class=\"read-more\"> <a class=\"\" href=\"https:\/\/regalosts.cl\/regalos-corporativos\/product\/mochila-paseo\/\"> <span class=\"screen-reader-text\">SKU 600-84-15 Mochila paseo<\/span> Leer m\u00e1s &raquo;<\/a><\/p>\n","protected":false},"featured_media":447,"template":"","meta":{"site-sidebar-layout":"default","site-content-layout":"default","ast-main-header-display":"","ast-hfb-above-header-display":"","ast-hfb-below-header-display":"","ast-hfb-mobile-header-display":"","site-post-title":"","ast-breadcrumbs-content":"","ast-featured-img":"","footer-sml-layout":"","theme-transparent-header-meta":"","adv-header-id-meta":"","stick-header-meta":"","header-above-stick-meta":"","header-main-stick-meta":"","header-below-stick-meta":""},"product_cat":[106,92,45],"product_tag":[96,97,51],"_links":{"self":[{"href":"https:\/\/regalosts.cl\/regalos-corporativos\/wp-json\/wp\/v2\/product\/611"}],"collection":[{"href":"https:\/\/regalosts.cl\/regalos-corporativos\/wp-json\/wp\/v2\/product"}],"about":[{"href":"https:\/\/regalosts.cl\/regalos-corporativos\/wp-json\/wp\/v2\/types\/product"}],"wp:featuredmedia":[{"embeddable":true,"href":"https:\/\/regalosts.cl\/regalos-corporativos\/wp-json\/wp\/v2\/media\/447"}],"wp:attachment":[{"href":"https:\/\/regalosts.cl\/regalos-corporativos\/wp-json\/wp\/v2\/media?parent=611"}],"wp:term":[{"taxonomy":"product_cat","embeddable":true,"href":"https:\/\/regalosts.cl\/regalos-corporativos\/wp-json\/wp\/v2\/product_cat?post=611"},{"taxonomy":"product_tag","embeddable":true,"href":"https:\/\/regalosts.cl\/regalos-corporativos\/wp-json\/wp\/v2\/product_tag?post=611"}],"curies":[{"name":"wp","href":"https:\/\/api.w.org\/{rel}","templated":true}]}}