{"id":5760,"date":"2025-06-17T12:18:09","date_gmt":"2025-06-17T16:18:09","guid":{"rendered":"https:\/\/regalosts.cl\/regalos-corporativos\/?post_type=product&#038;p=5760"},"modified":"2025-06-17T12:18:09","modified_gmt":"2025-06-17T16:18:09","slug":"sku-888-90478-50-set-de-asado-en-caja-metalica-incluye-3-herramientas-de-asado-100-acero-inoxidable","status":"publish","type":"product","link":"https:\/\/regalosts.cl\/regalos-corporativos\/product\/sku-888-90478-50-set-de-asado-en-caja-metalica-incluye-3-herramientas-de-asado-100-acero-inoxidable\/","title":{"rendered":"SKU 888-90478-50 Set de asado en caja met\u00e1lica. Incluye 3 herramientas de asado 100% acero inoxidable"},"content":{"rendered":"<p>Set de asado en caja met\u00e1lica. Incluye 3 herramientas de asado 100% acero inoxidable: cuchillo, tenedor y tenazas.<\/p>\n<p>Interior recubierto en tela ecol\u00f3gica negra.<\/p>\n<p>Manilla y cierres met\u00e1licos. Incluye placa met\u00e1lica rectangular para grabar logo.<\/p>\n<p>Presentaci\u00f3n en bubble-bag.<br \/>\nPlaca met\u00e1lica en tapa esde 6.5 x 3.5 cm.<\/p>\n","protected":false},"excerpt":{"rendered":"<p>Set de asado en caja met\u00e1lica. Incluye 3 herramientas de asado 100% acero inoxidable: cuchillo, tenedor y tenazas. Interior recubierto en tela ecol\u00f3gica negra. Manilla y cierres met\u00e1licos. Incluye placa met\u00e1lica rectangular para grabar logo. Presentaci\u00f3n en bubble-bag. Placa met\u00e1lica en tapa esde 6.5 x 3.5 cm.<\/p>\n","protected":false},"featured_media":5761,"template":"","meta":{"site-sidebar-layout":"default","site-content-layout":"default","ast-main-header-display":"","ast-hfb-above-header-display":"","ast-hfb-below-header-display":"","ast-hfb-mobile-header-display":"","site-post-title":"","ast-breadcrumbs-content":"","ast-featured-img":"","footer-sml-layout":"","theme-transparent-header-meta":"default","adv-header-id-meta":"","stick-header-meta":"","header-above-stick-meta":"","header-main-stick-meta":"","header-below-stick-meta":""},"product_cat":[108,136,46,105,37],"product_tag":[],"_links":{"self":[{"href":"https:\/\/regalosts.cl\/regalos-corporativos\/wp-json\/wp\/v2\/product\/5760"}],"collection":[{"href":"https:\/\/regalosts.cl\/regalos-corporativos\/wp-json\/wp\/v2\/product"}],"about":[{"href":"https:\/\/regalosts.cl\/regalos-corporativos\/wp-json\/wp\/v2\/types\/product"}],"wp:featuredmedia":[{"embeddable":true,"href":"https:\/\/regalosts.cl\/regalos-corporativos\/wp-json\/wp\/v2\/media\/5761"}],"wp:attachment":[{"href":"https:\/\/regalosts.cl\/regalos-corporativos\/wp-json\/wp\/v2\/media?parent=5760"}],"wp:term":[{"taxonomy":"product_cat","embeddable":true,"href":"https:\/\/regalosts.cl\/regalos-corporativos\/wp-json\/wp\/v2\/product_cat?post=5760"},{"taxonomy":"product_tag","embeddable":true,"href":"https:\/\/regalosts.cl\/regalos-corporativos\/wp-json\/wp\/v2\/product_tag?post=5760"}],"curies":[{"name":"wp","href":"https:\/\/api.w.org\/{rel}","templated":true}]}}