{"id":5587,"date":"2022-12-27T16:04:08","date_gmt":"2022-12-27T20:04:08","guid":{"rendered":"https:\/\/regalosts.cl\/regalos-corporativos\/?post_type=product&#038;p=5587"},"modified":"2025-06-17T12:20:38","modified_gmt":"2025-06-17T16:20:38","slug":"sku-30-90539-16-boligrafo-metalico-color-negro","status":"publish","type":"product","link":"https:\/\/regalosts.cl\/regalos-corporativos\/product\/sku-30-90539-16-boligrafo-metalico-color-negro\/","title":{"rendered":"SKU 30-90539-16 Bol\u00edgrafo Met\u00e1lico Color Negro"},"content":{"rendered":"<p>Bol\u00edgrafo de torsi\u00f3n negro con aplicaci\u00f3n de bamb\u00fa para aplicar logo en l\u00e1ser.<br \/>\nTinta azul.<br \/>\nEmbalaje en funda de lujo de cartulina negra.<\/p>\n","protected":false},"excerpt":{"rendered":"<p>Bol\u00edgrafo de torsi\u00f3n negro con aplicaci\u00f3n de bamb\u00fa para aplicar logo en l\u00e1ser. Tinta azul. Embalaje en funda de lujo de cartulina negra.<\/p>\n","protected":false},"featured_media":5612,"template":"","meta":{"site-sidebar-layout":"default","site-content-layout":"default","ast-main-header-display":"","ast-hfb-above-header-display":"","ast-hfb-below-header-display":"","ast-hfb-mobile-header-display":"","site-post-title":"","ast-breadcrumbs-content":"","ast-featured-img":"","footer-sml-layout":"","theme-transparent-header-meta":"default","adv-header-id-meta":"","stick-header-meta":"","header-above-stick-meta":"","header-main-stick-meta":"","header-below-stick-meta":""},"product_cat":[39,106,112],"product_tag":[],"_links":{"self":[{"href":"https:\/\/regalosts.cl\/regalos-corporativos\/wp-json\/wp\/v2\/product\/5587"}],"collection":[{"href":"https:\/\/regalosts.cl\/regalos-corporativos\/wp-json\/wp\/v2\/product"}],"about":[{"href":"https:\/\/regalosts.cl\/regalos-corporativos\/wp-json\/wp\/v2\/types\/product"}],"wp:featuredmedia":[{"embeddable":true,"href":"https:\/\/regalosts.cl\/regalos-corporativos\/wp-json\/wp\/v2\/media\/5612"}],"wp:attachment":[{"href":"https:\/\/regalosts.cl\/regalos-corporativos\/wp-json\/wp\/v2\/media?parent=5587"}],"wp:term":[{"taxonomy":"product_cat","embeddable":true,"href":"https:\/\/regalosts.cl\/regalos-corporativos\/wp-json\/wp\/v2\/product_cat?post=5587"},{"taxonomy":"product_tag","embeddable":true,"href":"https:\/\/regalosts.cl\/regalos-corporativos\/wp-json\/wp\/v2\/product_tag?post=5587"}],"curies":[{"name":"wp","href":"https:\/\/api.w.org\/{rel}","templated":true}]}}