{"id":5586,"date":"2022-12-07T09:20:47","date_gmt":"2022-12-07T13:20:47","guid":{"rendered":"https:\/\/regalosts.cl\/regalos-corporativos\/?post_type=product&#038;p=5586"},"modified":"2025-06-17T12:21:06","modified_gmt":"2025-06-17T16:21:06","slug":"sku-30-90538-16-boligrafo-metalico-color-gris-plata","status":"publish","type":"product","link":"https:\/\/regalosts.cl\/regalos-corporativos\/product\/sku-30-90538-16-boligrafo-metalico-color-gris-plata\/","title":{"rendered":"SKU 30-90538-16 Bol\u00edgrafo met\u00e1lico color gris plata"},"content":{"rendered":"<p>Bol\u00edgrafo ed torsi\u00f3n gris plata con aplicaci\u00f3n de bamb\u00fa para aplicar logo en l\u00e1ser.<br \/>\nTinta azul.<br \/>\nEmbalaje en funda de lujo de cartulina negra.<\/p>\n","protected":false},"excerpt":{"rendered":"<p>Bol\u00edgrafo ed torsi\u00f3n gris plata con aplicaci\u00f3n de bamb\u00fa para aplicar logo en l\u00e1ser. Tinta azul. Embalaje en funda de lujo de cartulina negra.<\/p>\n","protected":false},"featured_media":5595,"template":"","meta":{"site-sidebar-layout":"default","site-content-layout":"default","ast-main-header-display":"","ast-hfb-above-header-display":"","ast-hfb-below-header-display":"","ast-hfb-mobile-header-display":"","site-post-title":"","ast-breadcrumbs-content":"","ast-featured-img":"","footer-sml-layout":"","theme-transparent-header-meta":"default","adv-header-id-meta":"","stick-header-meta":"","header-above-stick-meta":"","header-main-stick-meta":"","header-below-stick-meta":""},"product_cat":[39,106,112,45],"product_tag":[],"_links":{"self":[{"href":"https:\/\/regalosts.cl\/regalos-corporativos\/wp-json\/wp\/v2\/product\/5586"}],"collection":[{"href":"https:\/\/regalosts.cl\/regalos-corporativos\/wp-json\/wp\/v2\/product"}],"about":[{"href":"https:\/\/regalosts.cl\/regalos-corporativos\/wp-json\/wp\/v2\/types\/product"}],"wp:featuredmedia":[{"embeddable":true,"href":"https:\/\/regalosts.cl\/regalos-corporativos\/wp-json\/wp\/v2\/media\/5595"}],"wp:attachment":[{"href":"https:\/\/regalosts.cl\/regalos-corporativos\/wp-json\/wp\/v2\/media?parent=5586"}],"wp:term":[{"taxonomy":"product_cat","embeddable":true,"href":"https:\/\/regalosts.cl\/regalos-corporativos\/wp-json\/wp\/v2\/product_cat?post=5586"},{"taxonomy":"product_tag","embeddable":true,"href":"https:\/\/regalosts.cl\/regalos-corporativos\/wp-json\/wp\/v2\/product_tag?post=5586"}],"curies":[{"name":"wp","href":"https:\/\/api.w.org\/{rel}","templated":true}]}}