{"id":5406,"date":"2022-06-07T15:08:47","date_gmt":"2022-06-07T19:08:47","guid":{"rendered":"https:\/\/regalosts.cl\/regalos-corporativos\/?post_type=product&#038;p=5406"},"modified":"2025-06-17T12:47:19","modified_gmt":"2025-06-17T16:47:19","slug":"sku-20-96805-15-cooler-bag","status":"publish","type":"product","link":"https:\/\/regalosts.cl\/regalos-corporativos\/product\/sku-20-96805-15-cooler-bag\/","title":{"rendered":"SKU 20-96805-15 Cooler bag"},"content":{"rendered":"<p>Cooler doble compartimiento, fabricado con tela impermeable, contorno con vivo forrado en tela. Bolsillo frontal con cierre.<br \/>\nBolsillos laterales de tela malla, fina, con el\u00e1stico. Compartimientos principales con cierre y doble carro.<br \/>\nManilla superior, pl\u00e1stica, reforzada.<br \/>\nCorrea para colgar, ajustable en el largo, con hombrera acolchada.<br \/>\nInterior forro t\u00e9rmico metalizado.<br \/>\nHerrajes pl\u00e1sticos reforzados.<br \/>\nMedidas 28 x 28 x 20 cm.<\/p>\n","protected":false},"excerpt":{"rendered":"<p>Cooler doble compartimiento, fabricado con tela impermeable, contorno con vivo forrado en tela. Bolsillo frontal con cierre. Bolsillos laterales de tela malla, fina, con el\u00e1stico. Compartimientos principales con cierre y doble carro. Manilla superior, pl\u00e1stica, reforzada. Correa para colgar, ajustable en el largo, con hombrera acolchada. Interior forro t\u00e9rmico metalizado. Herrajes pl\u00e1sticos reforzados. Medidas 28 &hellip;<\/p>\n<p class=\"read-more\"> <a class=\"\" href=\"https:\/\/regalosts.cl\/regalos-corporativos\/product\/sku-20-96805-15-cooler-bag\/\"> <span class=\"screen-reader-text\">SKU 20-96805-15 Cooler bag<\/span> Leer m\u00e1s &raquo;<\/a><\/p>\n","protected":false},"featured_media":5407,"template":"","meta":{"site-sidebar-layout":"default","site-content-layout":"default","ast-main-header-display":"","ast-hfb-above-header-display":"","ast-hfb-below-header-display":"","ast-hfb-mobile-header-display":"","site-post-title":"","ast-breadcrumbs-content":"","ast-featured-img":"","footer-sml-layout":"","theme-transparent-header-meta":"default","adv-header-id-meta":"","stick-header-meta":"","header-above-stick-meta":"","header-main-stick-meta":"","header-below-stick-meta":""},"product_cat":[108,112,105,37,141,45],"product_tag":[],"_links":{"self":[{"href":"https:\/\/regalosts.cl\/regalos-corporativos\/wp-json\/wp\/v2\/product\/5406"}],"collection":[{"href":"https:\/\/regalosts.cl\/regalos-corporativos\/wp-json\/wp\/v2\/product"}],"about":[{"href":"https:\/\/regalosts.cl\/regalos-corporativos\/wp-json\/wp\/v2\/types\/product"}],"wp:featuredmedia":[{"embeddable":true,"href":"https:\/\/regalosts.cl\/regalos-corporativos\/wp-json\/wp\/v2\/media\/5407"}],"wp:attachment":[{"href":"https:\/\/regalosts.cl\/regalos-corporativos\/wp-json\/wp\/v2\/media?parent=5406"}],"wp:term":[{"taxonomy":"product_cat","embeddable":true,"href":"https:\/\/regalosts.cl\/regalos-corporativos\/wp-json\/wp\/v2\/product_cat?post=5406"},{"taxonomy":"product_tag","embeddable":true,"href":"https:\/\/regalosts.cl\/regalos-corporativos\/wp-json\/wp\/v2\/product_tag?post=5406"}],"curies":[{"name":"wp","href":"https:\/\/api.w.org\/{rel}","templated":true}]}}