{"id":396,"date":"2019-09-30T01:20:39","date_gmt":"2019-09-30T05:20:39","guid":{"rendered":"https:\/\/www.regalosts.cl\/?post_type=product&#038;p=396"},"modified":"2023-03-15T14:42:54","modified_gmt":"2023-03-15T18:42:54","slug":"polera-pique-mujer-manga-larga","status":"publish","type":"product","link":"https:\/\/regalosts.cl\/regalos-corporativos\/product\/polera-pique-mujer-manga-larga\/","title":{"rendered":"SKU 275-85-15 Polera piqu\u00e9 mujer manga larga"},"content":{"rendered":"<p>Polera piqu\u00e9 dama manga larga<br \/>\nComposici\u00f3n 80% algod\u00f3n 20% poli\u00e9ster, 210 gramos<br \/>\nCuello camisero en reeb.<br \/>\nPata con 3 botones Manga larga con pu\u00f1o, terminaci\u00f3n tajal\u00ed en los costados.<br \/>\nCosturas reforzadas.<\/p>\n","protected":false},"excerpt":{"rendered":"<p>Polera piqu\u00e9 dama manga larga Composici\u00f3n 80% algod\u00f3n 20% poli\u00e9ster, 210 gramos Cuello camisero en reeb. Pata con 3 botones Manga larga con pu\u00f1o, terminaci\u00f3n tajal\u00ed en los costados. Costuras reforzadas.<\/p>\n","protected":false},"featured_media":5213,"template":"","meta":{"site-sidebar-layout":"default","site-content-layout":"default","ast-main-header-display":"","ast-hfb-above-header-display":"","ast-hfb-below-header-display":"","ast-hfb-mobile-header-display":"","site-post-title":"","ast-breadcrumbs-content":"","ast-featured-img":"","footer-sml-layout":"","theme-transparent-header-meta":"default","adv-header-id-meta":"","stick-header-meta":"","header-above-stick-meta":"","header-main-stick-meta":"","header-below-stick-meta":""},"product_cat":[112,49],"product_tag":[66,65],"_links":{"self":[{"href":"https:\/\/regalosts.cl\/regalos-corporativos\/wp-json\/wp\/v2\/product\/396"}],"collection":[{"href":"https:\/\/regalosts.cl\/regalos-corporativos\/wp-json\/wp\/v2\/product"}],"about":[{"href":"https:\/\/regalosts.cl\/regalos-corporativos\/wp-json\/wp\/v2\/types\/product"}],"wp:featuredmedia":[{"embeddable":true,"href":"https:\/\/regalosts.cl\/regalos-corporativos\/wp-json\/wp\/v2\/media\/5213"}],"wp:attachment":[{"href":"https:\/\/regalosts.cl\/regalos-corporativos\/wp-json\/wp\/v2\/media?parent=396"}],"wp:term":[{"taxonomy":"product_cat","embeddable":true,"href":"https:\/\/regalosts.cl\/regalos-corporativos\/wp-json\/wp\/v2\/product_cat?post=396"},{"taxonomy":"product_tag","embeddable":true,"href":"https:\/\/regalosts.cl\/regalos-corporativos\/wp-json\/wp\/v2\/product_tag?post=396"}],"curies":[{"name":"wp","href":"https:\/\/api.w.org\/{rel}","templated":true}]}}