{"id":394,"date":"2019-09-30T01:19:04","date_gmt":"2019-09-30T05:19:04","guid":{"rendered":"https:\/\/www.regalosts.cl\/?post_type=product&#038;p=394"},"modified":"2023-03-15T14:42:21","modified_gmt":"2023-03-15T18:42:21","slug":"chaqueta-softshell","status":"publish","type":"product","link":"https:\/\/regalosts.cl\/regalos-corporativos\/product\/chaqueta-softshell\/","title":{"rendered":"SKU 275-67-45 Chaqueta softshell"},"content":{"rendered":"<p>Chaqueta confeccionada con tela Soft Shell, exterior 96% Poli\u00e9ster\/4% Elastano, interior 100% poli\u00e9ster.<br \/>\nPrimera opci\u00f3n de capa exterior cuando se usa en condiciones secas, de clima fr\u00edo y capa intermedia perfecta\u00a0cuando se usa con una prenda exterior impermeable.<br \/>\nM\u00e1xima retenci\u00f3n de calor corporal mientras permite expulsi\u00f3n del vapor corporal fuera de la piel, manteniendo al usuario caliente y seco.<br \/>\nConfeccionada con cierre completo, pu\u00f1o ajuste velcro, bolsillos latelares y frontal con cierre.<br \/>\nInterior forro malla en delanteros.<br \/>\nTela: Respirable &#8211; Repelente al agua &#8211; Corta<\/p>\n","protected":false},"excerpt":{"rendered":"<p>Chaqueta confeccionada con tela Soft Shell, exterior 96% Poli\u00e9ster\/4% Elastano, interior 100% poli\u00e9ster. Primera opci\u00f3n de capa exterior cuando se usa en condiciones secas, de clima fr\u00edo y capa intermedia perfecta\u00a0cuando se usa con una prenda exterior impermeable. M\u00e1xima retenci\u00f3n de calor corporal mientras permite expulsi\u00f3n del vapor corporal fuera de la piel, manteniendo al &hellip;<\/p>\n<p class=\"read-more\"> <a class=\"\" href=\"https:\/\/regalosts.cl\/regalos-corporativos\/product\/chaqueta-softshell\/\"> <span class=\"screen-reader-text\">SKU 275-67-45 Chaqueta softshell<\/span> Leer m\u00e1s &raquo;<\/a><\/p>\n","protected":false},"featured_media":395,"template":"","meta":{"site-sidebar-layout":"default","site-content-layout":"default","ast-main-header-display":"","ast-hfb-above-header-display":"","ast-hfb-below-header-display":"","ast-hfb-mobile-header-display":"","site-post-title":"","ast-breadcrumbs-content":"","ast-featured-img":"","footer-sml-layout":"","theme-transparent-header-meta":"","adv-header-id-meta":"","stick-header-meta":"","header-above-stick-meta":"","header-main-stick-meta":"","header-below-stick-meta":""},"product_cat":[112,49],"product_tag":[67,69,68,60],"_links":{"self":[{"href":"https:\/\/regalosts.cl\/regalos-corporativos\/wp-json\/wp\/v2\/product\/394"}],"collection":[{"href":"https:\/\/regalosts.cl\/regalos-corporativos\/wp-json\/wp\/v2\/product"}],"about":[{"href":"https:\/\/regalosts.cl\/regalos-corporativos\/wp-json\/wp\/v2\/types\/product"}],"wp:featuredmedia":[{"embeddable":true,"href":"https:\/\/regalosts.cl\/regalos-corporativos\/wp-json\/wp\/v2\/media\/395"}],"wp:attachment":[{"href":"https:\/\/regalosts.cl\/regalos-corporativos\/wp-json\/wp\/v2\/media?parent=394"}],"wp:term":[{"taxonomy":"product_cat","embeddable":true,"href":"https:\/\/regalosts.cl\/regalos-corporativos\/wp-json\/wp\/v2\/product_cat?post=394"},{"taxonomy":"product_tag","embeddable":true,"href":"https:\/\/regalosts.cl\/regalos-corporativos\/wp-json\/wp\/v2\/product_tag?post=394"}],"curies":[{"name":"wp","href":"https:\/\/api.w.org\/{rel}","templated":true}]}}