{"id":384,"date":"2019-09-29T23:11:30","date_gmt":"2019-09-30T03:11:30","guid":{"rendered":"https:\/\/www.regalosts.cl\/?post_type=product&#038;p=384"},"modified":"2023-03-15T14:40:31","modified_gmt":"2023-03-15T18:40:31","slug":"polera-pique-hombre-manga-corta","status":"publish","type":"product","link":"https:\/\/regalosts.cl\/regalos-corporativos\/product\/polera-pique-hombre-manga-corta\/","title":{"rendered":"SKU 275-1-15 Polera piqu\u00e9 hombre manga corta"},"content":{"rendered":"<p>Polera piqu\u00e9 hombre manga larga<br \/>\n<strong>Protecci\u00f3n UV<\/strong><br \/>\n<strong>Confeccionada en tela piqu\u00e9 80% Algod\u00f3n &#8211; 20% Poli\u00e9ster<\/strong><br \/>\nTela Piqu\u00e9 es una tela fresca,<strong> de tejido suave y c\u00f3modo, f\u00e1cil lavado y secado<\/strong>.<br \/>\nTela porosa permite una adecuada ventilaci\u00f3n.<\/p>\n","protected":false},"excerpt":{"rendered":"<p>Polera piqu\u00e9 mujer manga corta<\/p>\n","protected":false},"featured_media":5212,"template":"","meta":{"site-sidebar-layout":"default","site-content-layout":"default","ast-main-header-display":"","ast-hfb-above-header-display":"","ast-hfb-below-header-display":"","ast-hfb-mobile-header-display":"","site-post-title":"","ast-breadcrumbs-content":"","ast-featured-img":"","footer-sml-layout":"","theme-transparent-header-meta":"default","adv-header-id-meta":"","stick-header-meta":"","header-above-stick-meta":"","header-main-stick-meta":"","header-below-stick-meta":""},"product_cat":[112,49,141,45],"product_tag":[74,66,65],"_links":{"self":[{"href":"https:\/\/regalosts.cl\/regalos-corporativos\/wp-json\/wp\/v2\/product\/384"}],"collection":[{"href":"https:\/\/regalosts.cl\/regalos-corporativos\/wp-json\/wp\/v2\/product"}],"about":[{"href":"https:\/\/regalosts.cl\/regalos-corporativos\/wp-json\/wp\/v2\/types\/product"}],"wp:featuredmedia":[{"embeddable":true,"href":"https:\/\/regalosts.cl\/regalos-corporativos\/wp-json\/wp\/v2\/media\/5212"}],"wp:attachment":[{"href":"https:\/\/regalosts.cl\/regalos-corporativos\/wp-json\/wp\/v2\/media?parent=384"}],"wp:term":[{"taxonomy":"product_cat","embeddable":true,"href":"https:\/\/regalosts.cl\/regalos-corporativos\/wp-json\/wp\/v2\/product_cat?post=384"},{"taxonomy":"product_tag","embeddable":true,"href":"https:\/\/regalosts.cl\/regalos-corporativos\/wp-json\/wp\/v2\/product_tag?post=384"}],"curies":[{"name":"wp","href":"https:\/\/api.w.org\/{rel}","templated":true}]}}