{"id":1427,"date":"2020-04-16T10:14:23","date_gmt":"2020-04-16T14:14:23","guid":{"rendered":"https:\/\/www.regalosts.cl\/?post_type=product&#038;p=1427"},"modified":"2022-01-19T15:58:10","modified_gmt":"2022-01-19T19:58:10","slug":"50-mascarillas","status":"publish","type":"product","link":"https:\/\/regalosts.cl\/regalos-corporativos\/product\/50-mascarillas\/","title":{"rendered":"SKU 20-96795-15 Caja de 50 Mascarillas faciales 3 pliegues"},"content":{"rendered":"<h3><span style=\"color: #993300;\"><a style=\"color: #993300;\" href=\"https:\/\/www.regalosts.cl\/contacto\/\">Cont\u00e1ctanos para m\u00e1s informaci\u00f3n<\/a><\/span><\/h3>\n<p><span style=\"color: #000000;\"><strong>Precio m\u00e1s I.V.A.<\/strong><\/span><\/p>\n<p><strong>50 Mascarilla desechable<br \/>\n3 pliegues y 3 capas<br \/>\n17.5 x 9.5 cm.<\/strong><br \/>\nCertificadas<br \/>\n<strong>Clip de ajuste nasal incorporado<\/strong><br \/>\n<strong>Filtro<\/strong> de protecci\u00f3n <strong>trilaminado<\/strong><br \/>\n<strong>Certificado Aprobado<\/strong> por <strong>Comunidad Europea y FDA<\/strong><br \/>\nCumple norma <strong>EN 149:2001 + A1:2009 <\/strong><\/p>\n<hr \/>\n<p><strong>Material<br \/>\n<\/strong>Modelo con <strong>cord\u00f3n elasticado<br \/>\nCapa 1:<\/strong> Tela no Tejida (TNT) 25gr<br \/>\n<strong>Capa 2:<\/strong> Tela relleno expandido 25%<br \/>\n<strong>Capa 3:<\/strong> Tela no Tejida (TNT) 25gr<\/p>\n<p>&nbsp;<\/p>\n","protected":false},"excerpt":{"rendered":"<p>Cont\u00e1ctanos para m\u00e1s informaci\u00f3n Precio m\u00e1s I.V.A. 50 Mascarilla desechable 3 pliegues y 3 capas 17.5 x 9.5 cm. Certificadas Clip de ajuste nasal incorporado Filtro de protecci\u00f3n trilaminado Certificado Aprobado por Comunidad Europea y FDA Cumple norma EN 149:2001 + A1:2009 Material Modelo con cord\u00f3n elasticado Capa 1: Tela no Tejida (TNT) 25gr Capa &hellip;<\/p>\n<p class=\"read-more\"> <a class=\"\" href=\"https:\/\/regalosts.cl\/regalos-corporativos\/product\/50-mascarillas\/\"> <span class=\"screen-reader-text\">SKU 20-96795-15 Caja de 50 Mascarillas faciales 3 pliegues<\/span> Leer m\u00e1s &raquo;<\/a><\/p>\n","protected":false},"featured_media":1442,"template":"","meta":{"site-sidebar-layout":"default","site-content-layout":"default","ast-main-header-display":"","ast-hfb-above-header-display":"","ast-hfb-below-header-display":"","ast-hfb-mobile-header-display":"","site-post-title":"","ast-breadcrumbs-content":"","ast-featured-img":"","footer-sml-layout":"","theme-transparent-header-meta":"","adv-header-id-meta":"","stick-header-meta":"","header-above-stick-meta":"","header-main-stick-meta":"","header-below-stick-meta":""},"product_cat":[43,113,40,105,37],"product_tag":[],"_links":{"self":[{"href":"https:\/\/regalosts.cl\/regalos-corporativos\/wp-json\/wp\/v2\/product\/1427"}],"collection":[{"href":"https:\/\/regalosts.cl\/regalos-corporativos\/wp-json\/wp\/v2\/product"}],"about":[{"href":"https:\/\/regalosts.cl\/regalos-corporativos\/wp-json\/wp\/v2\/types\/product"}],"wp:featuredmedia":[{"embeddable":true,"href":"https:\/\/regalosts.cl\/regalos-corporativos\/wp-json\/wp\/v2\/media\/1442"}],"wp:attachment":[{"href":"https:\/\/regalosts.cl\/regalos-corporativos\/wp-json\/wp\/v2\/media?parent=1427"}],"wp:term":[{"taxonomy":"product_cat","embeddable":true,"href":"https:\/\/regalosts.cl\/regalos-corporativos\/wp-json\/wp\/v2\/product_cat?post=1427"},{"taxonomy":"product_tag","embeddable":true,"href":"https:\/\/regalosts.cl\/regalos-corporativos\/wp-json\/wp\/v2\/product_tag?post=1427"}],"curies":[{"name":"wp","href":"https:\/\/api.w.org\/{rel}","templated":true}]}}