{"id":1157,"date":"2020-02-28T18:59:15","date_gmt":"2020-02-28T22:59:15","guid":{"rendered":"https:\/\/www.regalosts.cl\/?post_type=product&#038;p=1157"},"modified":"2025-06-17T14:34:39","modified_gmt":"2025-06-17T18:34:39","slug":"tazon-termico-de-acero-inoxidable","status":"publish","type":"product","link":"https:\/\/regalosts.cl\/regalos-corporativos\/product\/tazon-termico-de-acero-inoxidable\/","title":{"rendered":"SKU 20-488-15 Taz\u00f3n t\u00e9rmico de acero inoxidable."},"content":{"rendered":"<p><b>Taz\u00f3n<\/b><strong>\u00a0t\u00e9rmico de acero inoxidable.<\/strong><br \/>\nCapacidad: 470 cc. Tapa de TRITAN trasl\u00facida.<br \/>\n(Pl\u00e1stico libre de BPA, resistente, duro, ligero, transparente)<br \/>\nDi\u00e1metro inferior 7.3 cm.<br \/>\nPeso packing: 49 gr.<br \/>\nPeso producto: 301 gr.<br \/>\nTodos con tapa con seguro deslizable, anti derrame<\/p>\n<hr \/>\n<p><strong>Tipo de impresi\u00f3n sugerida:<\/strong><br \/>\nGrabado l\u00e1ser metal<\/p>\n","protected":false},"excerpt":{"rendered":"<p>Taz\u00f3n\u00a0t\u00e9rmico de acero inoxidable. Capacidad: 470 cc. Tapa de TRITAN trasl\u00facida. (Pl\u00e1stico libre de BPA, resistente, duro, ligero, transparente) Di\u00e1metro inferior 7.3 cm. Peso packing: 49 gr. Peso producto: 301 gr. Todos con tapa con seguro deslizable, anti derrame Tipo de impresi\u00f3n sugerida: Grabado l\u00e1ser metal<\/p>\n","protected":false},"featured_media":1160,"template":"","meta":{"site-sidebar-layout":"default","site-content-layout":"default","ast-main-header-display":"","ast-hfb-above-header-display":"","ast-hfb-below-header-display":"","ast-hfb-mobile-header-display":"","site-post-title":"","ast-breadcrumbs-content":"","ast-featured-img":"","footer-sml-layout":"","theme-transparent-header-meta":"","adv-header-id-meta":"","stick-header-meta":"","header-above-stick-meta":"","header-main-stick-meta":"","header-below-stick-meta":""},"product_cat":[106,111,107,112,105,38,37,49,45],"product_tag":[],"_links":{"self":[{"href":"https:\/\/regalosts.cl\/regalos-corporativos\/wp-json\/wp\/v2\/product\/1157"}],"collection":[{"href":"https:\/\/regalosts.cl\/regalos-corporativos\/wp-json\/wp\/v2\/product"}],"about":[{"href":"https:\/\/regalosts.cl\/regalos-corporativos\/wp-json\/wp\/v2\/types\/product"}],"wp:featuredmedia":[{"embeddable":true,"href":"https:\/\/regalosts.cl\/regalos-corporativos\/wp-json\/wp\/v2\/media\/1160"}],"wp:attachment":[{"href":"https:\/\/regalosts.cl\/regalos-corporativos\/wp-json\/wp\/v2\/media?parent=1157"}],"wp:term":[{"taxonomy":"product_cat","embeddable":true,"href":"https:\/\/regalosts.cl\/regalos-corporativos\/wp-json\/wp\/v2\/product_cat?post=1157"},{"taxonomy":"product_tag","embeddable":true,"href":"https:\/\/regalosts.cl\/regalos-corporativos\/wp-json\/wp\/v2\/product_tag?post=1157"}],"curies":[{"name":"wp","href":"https:\/\/api.w.org\/{rel}","templated":true}]}}