{"id":1145,"date":"2020-02-26T17:39:26","date_gmt":"2020-02-26T21:39:26","guid":{"rendered":"https:\/\/www.regalosts.cl\/?post_type=product&#038;p=1145"},"modified":"2025-06-12T17:12:50","modified_gmt":"2025-06-12T21:12:50","slug":"botella-termica-doble-camara-de-acero-inoxidable","status":"publish","type":"product","link":"https:\/\/regalosts.cl\/regalos-corporativos\/product\/botella-termica-doble-camara-de-acero-inoxidable\/","title":{"rendered":"SKU 45-447-15 Botella t\u00e9rmica"},"content":{"rendered":"<p><strong>Botella t\u00e9rmica doble c\u00e1mara de acero inoxidable.<\/strong><br \/>\nCapacidad: <strong>500 cc.<\/strong><br \/>\n<strong>Cuerpo negro, tapa y base cobrizada.<\/strong><br \/>\nEn caja de cartulina negra.<br \/>\nPeso packing: 51 gr.<br \/>\nPeso producto: 284 gr. aprox.<\/p>\n<table border=\"1\" width=\"95%\" cellspacing=\"0\">\n<tbody>\n<tr>\n<td><strong><span style=\"color: #000000; font-family: Verdana, Arial, Helvetica, sans-serif; font-size: xx-small;\">Largo<\/span><\/strong><\/td>\n<td><strong><span style=\"color: #000000; font-family: Verdana, Arial, Helvetica, sans-serif; font-size: xx-small;\">Alto<\/span><\/strong><\/td>\n<td><strong><span style=\"color: #000000; font-family: Verdana, Arial, Helvetica, sans-serif; font-size: xx-small;\">Ancho<\/span><\/strong><\/td>\n<td><strong><span style=\"color: #000000; font-family: Verdana, Arial, Helvetica, sans-serif; font-size: xx-small;\">Espesor<\/span><\/strong><\/td>\n<td><strong><span style=\"color: #000000; font-family: Verdana, Arial, Helvetica, sans-serif; font-size: xx-small;\">Di\u00e1metro<\/span><\/strong><\/td>\n<\/tr>\n<tr>\n<td><strong><span style=\"font-family: Verdana, Arial, Helvetica, sans-serif; font-size: xx-small;\">0<\/span><\/strong><\/td>\n<td><strong><span style=\"font-family: Verdana, Arial, Helvetica, sans-serif; font-size: xx-small;\">25,5<\/span><\/strong><\/td>\n<td><strong><span style=\"font-family: Verdana, Arial, Helvetica, sans-serif; font-size: xx-small;\">0<\/span><\/strong><\/td>\n<td><strong><span style=\"font-family: Verdana, Arial, Helvetica, sans-serif; font-size: xx-small;\">0<\/span><\/strong><\/td>\n<td><strong><span style=\"font-family: Verdana, Arial, Helvetica, sans-serif; font-size: xx-small;\">7<\/span><\/strong><\/td>\n<\/tr>\n<\/tbody>\n<\/table>\n<hr \/>\n<p><strong>Tipo de impresi\u00f3n sugerida:<\/strong><br \/>\nGrabado l\u00e1ser<br \/>\nSerigrafia<br \/>\nImpresi\u00f3n Digital<\/p>\n","protected":false},"excerpt":{"rendered":"<p>Botella t\u00e9rmica doble c\u00e1mara de acero inoxidable. Capacidad: 500 cc. Cuerpo negro, tapa y base cobrizada. En caja de cartulina negra. Peso packing: 51 gr. Peso producto: 284 gr. aprox. Largo Alto Ancho Espesor Di\u00e1metro 0 25,5 0 0 7 Tipo de impresi\u00f3n sugerida: Grabado l\u00e1ser Serigrafia Impresi\u00f3n Digital<\/p>\n","protected":false},"featured_media":1236,"template":"","meta":{"site-sidebar-layout":"default","site-content-layout":"default","ast-main-header-display":"","ast-hfb-above-header-display":"","ast-hfb-below-header-display":"","ast-hfb-mobile-header-display":"","site-post-title":"","ast-breadcrumbs-content":"","ast-featured-img":"","footer-sml-layout":"","theme-transparent-header-meta":"default","adv-header-id-meta":"","stick-header-meta":"","header-above-stick-meta":"","header-main-stick-meta":"","header-below-stick-meta":""},"product_cat":[111,107,42,136,105,38,37],"product_tag":[],"_links":{"self":[{"href":"https:\/\/regalosts.cl\/regalos-corporativos\/wp-json\/wp\/v2\/product\/1145"}],"collection":[{"href":"https:\/\/regalosts.cl\/regalos-corporativos\/wp-json\/wp\/v2\/product"}],"about":[{"href":"https:\/\/regalosts.cl\/regalos-corporativos\/wp-json\/wp\/v2\/types\/product"}],"wp:featuredmedia":[{"embeddable":true,"href":"https:\/\/regalosts.cl\/regalos-corporativos\/wp-json\/wp\/v2\/media\/1236"}],"wp:attachment":[{"href":"https:\/\/regalosts.cl\/regalos-corporativos\/wp-json\/wp\/v2\/media?parent=1145"}],"wp:term":[{"taxonomy":"product_cat","embeddable":true,"href":"https:\/\/regalosts.cl\/regalos-corporativos\/wp-json\/wp\/v2\/product_cat?post=1145"},{"taxonomy":"product_tag","embeddable":true,"href":"https:\/\/regalosts.cl\/regalos-corporativos\/wp-json\/wp\/v2\/product_tag?post=1145"}],"curies":[{"name":"wp","href":"https:\/\/api.w.org\/{rel}","templated":true}]}}