{"id":1099,"date":"2020-02-12T18:48:19","date_gmt":"2020-02-12T22:48:19","guid":{"rendered":"https:\/\/www.regalosts.cl\/?post_type=product&#038;p=1099"},"modified":"2025-06-12T17:15:16","modified_gmt":"2025-06-12T21:15:16","slug":"billetera-sport-tela-metalizada","status":"publish","type":"product","link":"https:\/\/regalosts.cl\/regalos-corporativos\/product\/billetera-sport-tela-metalizada\/","title":{"rendered":"SKU 500-49075-15 Billetera sport, tela metalizada"},"content":{"rendered":"<p><strong>Billetera de tela raquelada<br \/>\nTela metalizada<\/strong><br \/>\nCierre velcro<br \/>\nBolsillo exterior de malla<br \/>\nBon cierre y tirador<br \/>\n<strong>M\u00faltiples bolsillos interiores.<\/strong><\/p>\n<p>&nbsp;<\/p>\n<table>\n<tbody>\n<tr>\n<td><b>Largo<\/b><\/td>\n<td><b>Alto<\/b><\/td>\n<td><b>Ancho<\/b><\/td>\n<td><b>Espesor<\/b><\/td>\n<td><b>Di\u00e1metro<\/b><\/td>\n<\/tr>\n<tr>\n<td><b>0<\/b><\/td>\n<td><b>10<\/b><\/td>\n<td><b>11<\/b><\/td>\n<td><b>14<\/b><\/td>\n<td><b>0<\/b><\/td>\n<\/tr>\n<\/tbody>\n<\/table>\n<hr \/>\n<p><strong>Tipo de impresi\u00f3n sugerida:<\/strong><br \/>\nSerigraf\u00eda<\/p>\n","protected":false},"excerpt":{"rendered":"<p>Billetera de tela raquelada Tela metalizada Cierre velcro Bolsillo exterior de malla Bon cierre y tirador M\u00faltiples bolsillos interiores. &nbsp; Largo Alto Ancho Espesor Di\u00e1metro 0 10 11 14 0 Tipo de impresi\u00f3n sugerida: Serigraf\u00eda<\/p>\n","protected":false},"featured_media":5216,"template":"","meta":{"site-sidebar-layout":"default","site-content-layout":"default","ast-main-header-display":"","ast-hfb-above-header-display":"","ast-hfb-below-header-display":"","ast-hfb-mobile-header-display":"","site-post-title":"","ast-breadcrumbs-content":"","ast-featured-img":"","footer-sml-layout":"","theme-transparent-header-meta":"","adv-header-id-meta":"","stick-header-meta":"","header-above-stick-meta":"","header-main-stick-meta":"","header-below-stick-meta":""},"product_cat":[111,112,37,45],"product_tag":[67,69,68,60],"_links":{"self":[{"href":"https:\/\/regalosts.cl\/regalos-corporativos\/wp-json\/wp\/v2\/product\/1099"}],"collection":[{"href":"https:\/\/regalosts.cl\/regalos-corporativos\/wp-json\/wp\/v2\/product"}],"about":[{"href":"https:\/\/regalosts.cl\/regalos-corporativos\/wp-json\/wp\/v2\/types\/product"}],"wp:featuredmedia":[{"embeddable":true,"href":"https:\/\/regalosts.cl\/regalos-corporativos\/wp-json\/wp\/v2\/media\/5216"}],"wp:attachment":[{"href":"https:\/\/regalosts.cl\/regalos-corporativos\/wp-json\/wp\/v2\/media?parent=1099"}],"wp:term":[{"taxonomy":"product_cat","embeddable":true,"href":"https:\/\/regalosts.cl\/regalos-corporativos\/wp-json\/wp\/v2\/product_cat?post=1099"},{"taxonomy":"product_tag","embeddable":true,"href":"https:\/\/regalosts.cl\/regalos-corporativos\/wp-json\/wp\/v2\/product_tag?post=1099"}],"curies":[{"name":"wp","href":"https:\/\/api.w.org\/{rel}","templated":true}]}}