{"id":1097,"date":"2020-02-12T18:41:16","date_gmt":"2020-02-12T22:41:16","guid":{"rendered":"https:\/\/www.regalosts.cl\/?post_type=product&#038;p=1097"},"modified":"2023-03-15T14:44:36","modified_gmt":"2023-03-15T18:44:36","slug":"chaqueta-manga-larga-tela-vortex-con-aplicaciones-softshell","status":"publish","type":"product","link":"https:\/\/regalosts.cl\/regalos-corporativos\/product\/chaqueta-manga-larga-tela-vortex-con-aplicaciones-softshell\/","title":{"rendered":"SKU 275-5500-15 Chaqueta manga larga"},"content":{"rendered":"<p><strong>Chaqueta confeccionada con tela Vor-Tech<\/strong><br \/>\nTejido laminado de 3 capas.<br \/>\nInterior de chaqueta con forro<br \/>\nBolsillo con cierre<br \/>\nBolsillo porta bol\u00edgrafo<\/p>\n<p><strong>La tela Vortech <\/strong>es una combinaci\u00f3n de micropolar y soft shell. &#8211; La membrana Vor-Tech, microporosa &#8211; El forro, malla de peso ligero. Esta capa sirve para dos prop\u00f3sitos: se protege la membrana Vor-Tech de la abrasi\u00f3n y el desgaste y disipa la humedad del cuerpo a trav\u00e9s de una gran \u00e1rea de superficie. <strong>La membrana micro-porosa tiene dos caracter\u00edsticas:<\/strong> permite que la transpiraci\u00f3n se escape a trav\u00e9s de los poros de la membrana, y tambi\u00e9n act\u00faa como un interruptor de viento en actividades deportivas y al aire libre.<br \/>\n* Respirable<br \/>\n* Semi impermeable<br \/>\n* Interruptor del viento USOS<\/p>\n<hr \/>\n<p><strong>Tipo de impresi\u00f3n sugerida:<\/strong><br \/>\nSerigraf\u00eda<br \/>\nBordado<br \/>\nTransfer<\/p>\n","protected":false},"excerpt":{"rendered":"<p>Chaqueta confeccionada con tela Vor-Tech Tejido laminado de 3 capas. Interior de chaqueta con forro Bolsillo con cierre Bolsillo porta bol\u00edgrafo La tela Vortech es una combinaci\u00f3n de micropolar y soft shell. &#8211; La membrana Vor-Tech, microporosa &#8211; El forro, malla de peso ligero. Esta capa sirve para dos prop\u00f3sitos: se protege la membrana Vor-Tech &hellip;<\/p>\n<p class=\"read-more\"> <a class=\"\" href=\"https:\/\/regalosts.cl\/regalos-corporativos\/product\/chaqueta-manga-larga-tela-vortex-con-aplicaciones-softshell\/\"> <span class=\"screen-reader-text\">SKU 275-5500-15 Chaqueta manga larga<\/span> Leer m\u00e1s &raquo;<\/a><\/p>\n","protected":false},"featured_media":395,"template":"","meta":{"site-sidebar-layout":"default","site-content-layout":"default","ast-main-header-display":"","ast-hfb-above-header-display":"","ast-hfb-below-header-display":"","ast-hfb-mobile-header-display":"","site-post-title":"","ast-breadcrumbs-content":"","ast-featured-img":"","footer-sml-layout":"","theme-transparent-header-meta":"default","adv-header-id-meta":"","stick-header-meta":"","header-above-stick-meta":"","header-main-stick-meta":"","header-below-stick-meta":""},"product_cat":[112,49],"product_tag":[67,69,68,60],"_links":{"self":[{"href":"https:\/\/regalosts.cl\/regalos-corporativos\/wp-json\/wp\/v2\/product\/1097"}],"collection":[{"href":"https:\/\/regalosts.cl\/regalos-corporativos\/wp-json\/wp\/v2\/product"}],"about":[{"href":"https:\/\/regalosts.cl\/regalos-corporativos\/wp-json\/wp\/v2\/types\/product"}],"wp:featuredmedia":[{"embeddable":true,"href":"https:\/\/regalosts.cl\/regalos-corporativos\/wp-json\/wp\/v2\/media\/395"}],"wp:attachment":[{"href":"https:\/\/regalosts.cl\/regalos-corporativos\/wp-json\/wp\/v2\/media?parent=1097"}],"wp:term":[{"taxonomy":"product_cat","embeddable":true,"href":"https:\/\/regalosts.cl\/regalos-corporativos\/wp-json\/wp\/v2\/product_cat?post=1097"},{"taxonomy":"product_tag","embeddable":true,"href":"https:\/\/regalosts.cl\/regalos-corporativos\/wp-json\/wp\/v2\/product_tag?post=1097"}],"curies":[{"name":"wp","href":"https:\/\/api.w.org\/{rel}","templated":true}]}}