{"id":1061,"date":"2020-02-12T13:08:26","date_gmt":"2020-02-12T17:08:26","guid":{"rendered":"https:\/\/www.regalosts.cl\/?post_type=product&#038;p=1061"},"modified":"2025-06-12T17:18:52","modified_gmt":"2025-06-12T21:18:52","slug":"incienso-aroma-de-sandalo-con-su-tablilla-40-varillas-en-envase-metalico","status":"publish","type":"product","link":"https:\/\/regalosts.cl\/regalos-corporativos\/product\/incienso-aroma-de-sandalo-con-su-tablilla-40-varillas-en-envase-metalico\/","title":{"rendered":"SKU 20-70245-15 Incienso aroma de S\u00e1ndalo"},"content":{"rendered":"<p><strong>Set de Inciensos en tubo de aluminio<\/strong><br \/>\nTapa de cierre a presi\u00f3n<br \/>\nEn interior una base porta incienso de madera<br \/>\n<strong>40 barras <\/strong>de incienso aroma de<strong>\u00a0<\/strong><a href=\"https:\/\/www.salud.mapfre.es\/cuerpo-y-mente\/naturopatia\/sandalo-propiedades-uso-medicinal\/\" target=\"_blank\" rel=\"noopener noreferrer\"><b>s\u00e1ndalo<\/b><\/a><br \/>\n<b><\/b><\/p>\n<p><b>Estuche de cartulina blanco:<br \/>\n<\/b>16,4 x 4,5 x 4,5 cm. &#8211;<\/p>\n<hr \/>\n<p><strong>Tipo de impresi\u00f3n sugerida:<\/strong><br \/>\nSerigraf\u00eda<\/p>\n","protected":false},"excerpt":{"rendered":"<p>Set de Inciensos en tubo de aluminio Tapa de cierre a presi\u00f3n En interior una base porta incienso de madera 40 barras de incienso aroma de\u00a0s\u00e1ndalo Estuche de cartulina blanco: 16,4 x 4,5 x 4,5 cm. &#8211; Tipo de impresi\u00f3n sugerida: Serigraf\u00eda<\/p>\n","protected":false},"featured_media":1301,"template":"","meta":{"site-sidebar-layout":"default","site-content-layout":"default","ast-main-header-display":"","ast-hfb-above-header-display":"","ast-hfb-below-header-display":"","ast-hfb-mobile-header-display":"","site-post-title":"","ast-breadcrumbs-content":"","ast-featured-img":"","footer-sml-layout":"","theme-transparent-header-meta":"default","adv-header-id-meta":"","stick-header-meta":"","header-above-stick-meta":"","header-main-stick-meta":"","header-below-stick-meta":""},"product_cat":[43,106,112,37],"product_tag":[],"_links":{"self":[{"href":"https:\/\/regalosts.cl\/regalos-corporativos\/wp-json\/wp\/v2\/product\/1061"}],"collection":[{"href":"https:\/\/regalosts.cl\/regalos-corporativos\/wp-json\/wp\/v2\/product"}],"about":[{"href":"https:\/\/regalosts.cl\/regalos-corporativos\/wp-json\/wp\/v2\/types\/product"}],"wp:featuredmedia":[{"embeddable":true,"href":"https:\/\/regalosts.cl\/regalos-corporativos\/wp-json\/wp\/v2\/media\/1301"}],"wp:attachment":[{"href":"https:\/\/regalosts.cl\/regalos-corporativos\/wp-json\/wp\/v2\/media?parent=1061"}],"wp:term":[{"taxonomy":"product_cat","embeddable":true,"href":"https:\/\/regalosts.cl\/regalos-corporativos\/wp-json\/wp\/v2\/product_cat?post=1061"},{"taxonomy":"product_tag","embeddable":true,"href":"https:\/\/regalosts.cl\/regalos-corporativos\/wp-json\/wp\/v2\/product_tag?post=1061"}],"curies":[{"name":"wp","href":"https:\/\/api.w.org\/{rel}","templated":true}]}}