{"id":1060,"date":"2020-03-13T15:13:56","date_gmt":"2020-03-13T19:13:56","guid":{"rendered":"https:\/\/www.regalosts.cl\/?post_type=product&#038;p=1060"},"modified":"2025-06-17T14:34:05","modified_gmt":"2025-06-17T18:34:05","slug":"libreta-apuntes-con-bolsillo-en-contra-tapa-135-x-21-cm","status":"publish","type":"product","link":"https:\/\/regalosts.cl\/regalos-corporativos\/product\/libreta-apuntes-con-bolsillo-en-contra-tapa-135-x-21-cm\/","title":{"rendered":"SKU 20-60407-15 Libreta apuntes con bolsillo en contra tapa, 13,5 x 21 cm."},"content":{"rendered":"<p><strong>Libreta de 60 hojas<\/strong><br \/>\n<strong>Tapa r\u00edgida<\/strong><br \/>\nFabricada con material engomado<br \/>\nInterior con hojas color crema de l\u00edneas<br \/>\n<strong>Cinta separadora y el\u00e1stico de 0.6 cm. para cierre<\/strong><br \/>\n<strong>Al tono de las tapas.<\/strong><br \/>\nPeso considera packing.<br \/>\nPeso producto: 285 gr.<\/p>\n<table border=\"1\" width=\"100%\" cellspacing=\"0\" cellpadding=\"3\">\n<tbody>\n<tr bgcolor=\"#FFFFFF\">\n<td colspan=\"6\" height=\"16\">\n<table border=\"1\" width=\"95%\" cellspacing=\"0\">\n<tbody>\n<tr>\n<td><strong><span style=\"color: #000000; font-family: Verdana, Arial, Helvetica, sans-serif; font-size: xx-small;\">Largo<\/span><\/strong><\/td>\n<td><strong><span style=\"color: #000000; font-family: Verdana, Arial, Helvetica, sans-serif; font-size: xx-small;\">Alto<\/span><\/strong><\/td>\n<td><strong><span style=\"color: #000000; font-family: Verdana, Arial, Helvetica, sans-serif; font-size: xx-small;\">Ancho<\/span><\/strong><\/td>\n<td><strong><span style=\"color: #000000; font-family: Verdana, Arial, Helvetica, sans-serif; font-size: xx-small;\">Espesor<\/span><\/strong><\/td>\n<td><strong><span style=\"color: #000000; font-family: Verdana, Arial, Helvetica, sans-serif; font-size: xx-small;\">Di\u00e1metro<\/span><\/strong><\/td>\n<\/tr>\n<tr>\n<td><strong><span style=\"font-family: Verdana, Arial, Helvetica, sans-serif; font-size: xx-small;\">21<\/span><\/strong><\/td>\n<td><strong><span style=\"font-family: Verdana, Arial, Helvetica, sans-serif; font-size: xx-small;\">0<\/span><\/strong><\/td>\n<td><strong><span style=\"font-family: Verdana, Arial, Helvetica, sans-serif; font-size: xx-small;\">14<\/span><\/strong><\/td>\n<td><strong><span style=\"font-family: Verdana, Arial, Helvetica, sans-serif; font-size: xx-small;\">1,5<\/span><\/strong><\/td>\n<td><strong><span style=\"font-family: Verdana, Arial, Helvetica, sans-serif; font-size: xx-small;\">0<\/span><\/strong><\/td>\n<\/tr>\n<\/tbody>\n<\/table>\n<\/td>\n<\/tr>\n<\/tbody>\n<\/table>\n<hr \/>\n<p><strong>Tipo de impresi\u00f3n sugerida:<\/strong><br \/>\nSerigrafia<br \/>\nImpresi\u00f3n Digital<\/p>\n<p>&nbsp;<\/p>\n","protected":false},"excerpt":{"rendered":"<p>Libreta de 60 hojas Tapa r\u00edgida Fabricada con material engomado Interior con hojas color crema de l\u00edneas Cinta separadora y el\u00e1stico de 0.6 cm. para cierre Al tono de las tapas. Peso considera packing. Peso producto: 285 gr. Largo Alto Ancho Espesor Di\u00e1metro 21 0 14 1,5 0 Tipo de impresi\u00f3n sugerida: Serigrafia Impresi\u00f3n Digital &hellip;<\/p>\n<p class=\"read-more\"> <a class=\"\" href=\"https:\/\/regalosts.cl\/regalos-corporativos\/product\/libreta-apuntes-con-bolsillo-en-contra-tapa-135-x-21-cm\/\"> <span class=\"screen-reader-text\">SKU 20-60407-15 Libreta apuntes con bolsillo en contra tapa, 13,5 x 21 cm.<\/span> Leer m\u00e1s &raquo;<\/a><\/p>\n","protected":false},"featured_media":1308,"template":"","meta":{"site-sidebar-layout":"default","site-content-layout":"default","ast-main-header-display":"","ast-hfb-above-header-display":"","ast-hfb-below-header-display":"","ast-hfb-mobile-header-display":"","site-post-title":"","ast-breadcrumbs-content":"","ast-featured-img":"","footer-sml-layout":"","theme-transparent-header-meta":"","adv-header-id-meta":"","stick-header-meta":"","header-above-stick-meta":"","header-main-stick-meta":"","header-below-stick-meta":""},"product_cat":[39,106,112,40,45],"product_tag":[],"_links":{"self":[{"href":"https:\/\/regalosts.cl\/regalos-corporativos\/wp-json\/wp\/v2\/product\/1060"}],"collection":[{"href":"https:\/\/regalosts.cl\/regalos-corporativos\/wp-json\/wp\/v2\/product"}],"about":[{"href":"https:\/\/regalosts.cl\/regalos-corporativos\/wp-json\/wp\/v2\/types\/product"}],"wp:featuredmedia":[{"embeddable":true,"href":"https:\/\/regalosts.cl\/regalos-corporativos\/wp-json\/wp\/v2\/media\/1308"}],"wp:attachment":[{"href":"https:\/\/regalosts.cl\/regalos-corporativos\/wp-json\/wp\/v2\/media?parent=1060"}],"wp:term":[{"taxonomy":"product_cat","embeddable":true,"href":"https:\/\/regalosts.cl\/regalos-corporativos\/wp-json\/wp\/v2\/product_cat?post=1060"},{"taxonomy":"product_tag","embeddable":true,"href":"https:\/\/regalosts.cl\/regalos-corporativos\/wp-json\/wp\/v2\/product_tag?post=1060"}],"curies":[{"name":"wp","href":"https:\/\/api.w.org\/{rel}","templated":true}]}}