{"id":1053,"date":"2020-02-11T20:22:43","date_gmt":"2020-02-12T00:22:43","guid":{"rendered":"https:\/\/www.regalosts.cl\/?post_type=product&#038;p=1053"},"modified":"2025-06-12T17:20:09","modified_gmt":"2025-06-12T21:20:09","slug":"set-ecologico-de-notas-adhesivas-regla-y-boligrafo","status":"publish","type":"product","link":"https:\/\/regalosts.cl\/regalos-corporativos\/product\/set-ecologico-de-notas-adhesivas-regla-y-boligrafo\/","title":{"rendered":"SKU 20-4215-15 Set ecol\u00f3gico de notas adhesivas, regla y bol\u00edgrafo"},"content":{"rendered":"<p><strong>Set en caja de cuerpo r\u00edgido<\/strong><br \/>\nFabricado con cart\u00f3n reciclado<br \/>\nNotas adhesivas de 7 colores<br \/>\n<strong>Dos tama\u00f1os: 4 x 1.8 cm y 3.7 x 4.2 cm.<\/strong><br \/>\nBol\u00edgrafo ecol\u00f3gico fabricado con cart\u00f3n reciclado<br \/>\nExtremos de pl\u00e1stico negro<br \/>\n<strong>Tinta azul<\/strong><br \/>\n<strong>Regla de l\u00e1mina de PVC,<\/strong> graduada de 0 a 12 cm. (tama\u00f1o 13 x 4.5 cm.)<br \/>\nInserta en contra tapa en bolsillo de cartulina reciclada.<br \/>\nPeso considera packing.<\/p>\n<table>\n<tbody>\n<tr>\n<td><b>Largo<\/b><\/td>\n<td><b>Alto<\/b><\/td>\n<td><b>Ancho<\/b><\/td>\n<td><b>Espesor<\/b><\/td>\n<td><b>Di\u00e1metro<\/b><\/td>\n<\/tr>\n<tr>\n<td><b>16<\/b><\/td>\n<td><b>2,3<\/b><\/td>\n<td><b>6,5<\/b><\/td>\n<td><b>0<\/b><\/td>\n<td><b>0<\/b><\/td>\n<\/tr>\n<\/tbody>\n<\/table>\n<hr \/>\n<p><strong>Tipo de impresi\u00f3n sugerida:<\/strong><br \/>\nSerigraf\u00eda<br \/>\nImpresi\u00f3n Digital<\/p>\n","protected":false},"excerpt":{"rendered":"<p>Set en caja de cuerpo r\u00edgido Fabricado con cart\u00f3n reciclado Notas adhesivas de 7 colores Dos tama\u00f1os: 4 x 1.8 cm y 3.7 x 4.2 cm. Bol\u00edgrafo ecol\u00f3gico fabricado con cart\u00f3n reciclado Extremos de pl\u00e1stico negro Tinta azul Regla de l\u00e1mina de PVC, graduada de 0 a 12 cm. (tama\u00f1o 13 x 4.5 cm.) Inserta &hellip;<\/p>\n<p class=\"read-more\"> <a class=\"\" href=\"https:\/\/regalosts.cl\/regalos-corporativos\/product\/set-ecologico-de-notas-adhesivas-regla-y-boligrafo\/\"> <span class=\"screen-reader-text\">SKU 20-4215-15 Set ecol\u00f3gico de notas adhesivas, regla y bol\u00edgrafo<\/span> Leer m\u00e1s &raquo;<\/a><\/p>\n","protected":false},"featured_media":1293,"template":"","meta":{"site-sidebar-layout":"default","site-content-layout":"default","ast-main-header-display":"","ast-hfb-above-header-display":"","ast-hfb-below-header-display":"","ast-hfb-mobile-header-display":"","site-post-title":"","ast-breadcrumbs-content":"","ast-featured-img":"","footer-sml-layout":"","theme-transparent-header-meta":"","adv-header-id-meta":"","stick-header-meta":"","header-above-stick-meta":"","header-main-stick-meta":"","header-below-stick-meta":""},"product_cat":[39,106,44,112,40],"product_tag":[],"_links":{"self":[{"href":"https:\/\/regalosts.cl\/regalos-corporativos\/wp-json\/wp\/v2\/product\/1053"}],"collection":[{"href":"https:\/\/regalosts.cl\/regalos-corporativos\/wp-json\/wp\/v2\/product"}],"about":[{"href":"https:\/\/regalosts.cl\/regalos-corporativos\/wp-json\/wp\/v2\/types\/product"}],"wp:featuredmedia":[{"embeddable":true,"href":"https:\/\/regalosts.cl\/regalos-corporativos\/wp-json\/wp\/v2\/media\/1293"}],"wp:attachment":[{"href":"https:\/\/regalosts.cl\/regalos-corporativos\/wp-json\/wp\/v2\/media?parent=1053"}],"wp:term":[{"taxonomy":"product_cat","embeddable":true,"href":"https:\/\/regalosts.cl\/regalos-corporativos\/wp-json\/wp\/v2\/product_cat?post=1053"},{"taxonomy":"product_tag","embeddable":true,"href":"https:\/\/regalosts.cl\/regalos-corporativos\/wp-json\/wp\/v2\/product_tag?post=1053"}],"curies":[{"name":"wp","href":"https:\/\/api.w.org\/{rel}","templated":true}]}}