{"id":1049,"date":"2020-02-11T18:35:51","date_gmt":"2020-02-11T22:35:51","guid":{"rendered":"https:\/\/www.regalosts.cl\/?post_type=product&#038;p=1049"},"modified":"2025-06-12T17:22:13","modified_gmt":"2025-06-12T21:22:13","slug":"botella-metalica-de-agua-500-cc-con-mosqueton-cuerpo-triangulado-en-caja","status":"publish","type":"product","link":"https:\/\/regalosts.cl\/regalos-corporativos\/product\/botella-metalica-de-agua-500-cc-con-mosqueton-cuerpo-triangulado-en-caja\/","title":{"rendered":"SKU 20-1365-15 Botella met\u00e1lica de agua 500 cc"},"content":{"rendered":"<p><strong>Botella met\u00e1lica<\/strong><br \/>\n<strong>Cuerpo triangulado<\/strong><br \/>\nCapacidad <strong>500 ml<\/strong><br \/>\n<strong>Tapa rosca con argolla y mosquet\u00f3n<\/strong> para enganche.<br \/>\n<strong>Peso packing: 43 gr<\/strong><br \/>\n<strong>Peso producto: 133 gr. aprox.<\/strong><br \/>\nPeso considera packing<\/p>\n<div class=\"title\">\n<div class=\"title\">\n<hr \/>\n<p><strong>M\u00e9todos de impresi\u00f3n sugeridos<\/strong><br \/>\nSerigraf\u00eda<br \/>\nGrabado<\/p>\n<\/div>\n<\/div>\n<p>&nbsp;<\/p>\n<p>&nbsp;<\/p>\n","protected":false},"excerpt":{"rendered":"<p>Botella met\u00e1lica Cuerpo triangulado Capacidad 500 ml Tapa rosca con argolla y mosquet\u00f3n para enganche. Peso packing: 43 gr Peso producto: 133 gr. aprox. Peso considera packing M\u00e9todos de impresi\u00f3n sugeridos Serigraf\u00eda Grabado &nbsp; &nbsp;<\/p>\n","protected":false},"featured_media":5572,"template":"","meta":{"site-sidebar-layout":"default","site-content-layout":"default","ast-main-header-display":"","ast-hfb-above-header-display":"","ast-hfb-below-header-display":"","ast-hfb-mobile-header-display":"","site-post-title":"","ast-breadcrumbs-content":"","ast-featured-img":"","footer-sml-layout":"","theme-transparent-header-meta":"default","adv-header-id-meta":"","stick-header-meta":"","header-above-stick-meta":"","header-main-stick-meta":"","header-below-stick-meta":""},"product_cat":[43,111,107,105,38,37],"product_tag":[],"_links":{"self":[{"href":"https:\/\/regalosts.cl\/regalos-corporativos\/wp-json\/wp\/v2\/product\/1049"}],"collection":[{"href":"https:\/\/regalosts.cl\/regalos-corporativos\/wp-json\/wp\/v2\/product"}],"about":[{"href":"https:\/\/regalosts.cl\/regalos-corporativos\/wp-json\/wp\/v2\/types\/product"}],"wp:featuredmedia":[{"embeddable":true,"href":"https:\/\/regalosts.cl\/regalos-corporativos\/wp-json\/wp\/v2\/media\/5572"}],"wp:attachment":[{"href":"https:\/\/regalosts.cl\/regalos-corporativos\/wp-json\/wp\/v2\/media?parent=1049"}],"wp:term":[{"taxonomy":"product_cat","embeddable":true,"href":"https:\/\/regalosts.cl\/regalos-corporativos\/wp-json\/wp\/v2\/product_cat?post=1049"},{"taxonomy":"product_tag","embeddable":true,"href":"https:\/\/regalosts.cl\/regalos-corporativos\/wp-json\/wp\/v2\/product_tag?post=1049"}],"curies":[{"name":"wp","href":"https:\/\/api.w.org\/{rel}","templated":true}]}}