{"id":654,"date":"2019-10-11T04:03:58","date_gmt":"2019-10-11T04:03:58","guid":{"rendered":"https:\/\/www.regalosts.cl\/importaciones-a-pedido-copy\/"},"modified":"2022-01-13T15:20:22","modified_gmt":"2022-01-13T19:20:22","slug":"registrarse","status":"publish","type":"page","link":"https:\/\/regalosts.cl\/regalos-corporativos\/registrarse\/","title":{"rendered":"Registro"},"content":{"rendered":"<h1 style=\"text-align: center;\">Hazte Cliente<\/h1>\n<h3 style=\"text-align: center;\">Reg\u00edstrate envi\u00e1ndonos un correo, recibir\u00e1s la mejor atenci\u00f3n y puntualidad en tus productos que tu empresa merece.<\/h3>\n<p style=\"text-align: center;\">La clave acceso llegara a tu correo en las pr\u00f3ximas 24 horas.<\/p>\n<h1 style=\"text-align: center;\"><span style=\"color: #ff8300;\">!D\u00e9jalo en nuestras manos\u00a1<\/span><\/h1>\n","protected":false},"excerpt":{"rendered":"<p>Hazte Cliente Reg\u00edstrate envi\u00e1ndonos un correo, recibir\u00e1s la mejor atenci\u00f3n y puntualidad en tus productos que tu empresa merece. La clave acceso llegara a tu correo en las pr\u00f3ximas 24 horas. !D\u00e9jalo en nuestras manos\u00a1<\/p>\n","protected":false},"author":1,"featured_media":0,"parent":0,"menu_order":0,"comment_status":"closed","ping_status":"closed","template":"full_width.php","meta":{"site-sidebar-layout":"default","site-content-layout":"default","ast-main-header-display":"","ast-hfb-above-header-display":"","ast-hfb-below-header-display":"","ast-hfb-mobile-header-display":"","site-post-title":"","ast-breadcrumbs-content":"","ast-featured-img":"","footer-sml-layout":"","theme-transparent-header-meta":"","adv-header-id-meta":"","stick-header-meta":"","header-above-stick-meta":"","header-main-stick-meta":"","header-below-stick-meta":""},"_links":{"self":[{"href":"https:\/\/regalosts.cl\/regalos-corporativos\/wp-json\/wp\/v2\/pages\/654"}],"collection":[{"href":"https:\/\/regalosts.cl\/regalos-corporativos\/wp-json\/wp\/v2\/pages"}],"about":[{"href":"https:\/\/regalosts.cl\/regalos-corporativos\/wp-json\/wp\/v2\/types\/page"}],"author":[{"embeddable":true,"href":"https:\/\/regalosts.cl\/regalos-corporativos\/wp-json\/wp\/v2\/users\/1"}],"replies":[{"embeddable":true,"href":"https:\/\/regalosts.cl\/regalos-corporativos\/wp-json\/wp\/v2\/comments?post=654"}],"version-history":[{"count":9,"href":"https:\/\/regalosts.cl\/regalos-corporativos\/wp-json\/wp\/v2\/pages\/654\/revisions"}],"predecessor-version":[{"id":5035,"href":"https:\/\/regalosts.cl\/regalos-corporativos\/wp-json\/wp\/v2\/pages\/654\/revisions\/5035"}],"wp:attachment":[{"href":"https:\/\/regalosts.cl\/regalos-corporativos\/wp-json\/wp\/v2\/media?parent=654"}],"curies":[{"name":"wp","href":"https:\/\/api.w.org\/{rel}","templated":true}]}}